{"id":840,"date":"2025-07-25T18:29:29","date_gmt":"2025-07-25T18:29:29","guid":{"rendered":"https:\/\/popntop.ca\/a-propos\/"},"modified":"2025-08-11T02:37:41","modified_gmt":"2025-08-11T02:37:41","slug":"a-propos","status":"publish","type":"page","link":"https:\/\/popntop.ca\/fr\/a-propos\/","title":{"rendered":"\u00c0 propos"},"content":{"rendered":"<div class=\"et_pb_section_0 et_pb_section et_section_regular et_block_section\">\n<div class=\"et_pb_row_0 et_pb_row et_pb_gutters3 et_block_row\">\n<div class=\"et_pb_column_0 et_pb_column et_pb_column_4_4 et-last-child et_block_column et_pb_css_mix_blend_mode_passthrough\">\n<div class=\"et_pb_text_0 et_pb_text et_pb_bg_layout_light et_pb_module\"><div class=\"et_pb_text_inner\"><p><!-- wp:divi\/placeholder \/--><\/p>\n<\/div><\/div>\n\n<div class=\"et_pb_heading_0 et_pb_heading et_pb_module preset--module--divi-heading--default\"><div class=\"et_pb_heading_container\"><h1 class=\"et_pb_module_header\">\u00c0 propos<\/h1><\/div><\/div>\n\n<div class=\"et_pb_heading_1 et_pb_heading et_pb_module preset--module--divi-heading--ysyr93m2e5\"><div class=\"et_pb_heading_container\"><h2 class=\"et_pb_module_header\">SECOUONS UN PEU LES CHOSES<\/h2><\/div><\/div>\n<\/div>\n<\/div>\n\n<div class=\"et_pb_row_1 et_pb_row et_flex_row\">\n<div class=\"et_pb_column_1 et_pb_column et_flex_column_16_24 et_flex_column_24_24_phone et_flex_column et_pb_css_mix_blend_mode_passthrough\">\n<div class=\"et_pb_text_1 et_pb_text et_pb_bg_layout_light et_pb_module preset--module--divi-text--6vizrpz438\"><div class=\"et_pb_text_inner\"><p>Vos collations manquent de piquant? Passez au niveau sup\u00e9rieur avec Pop &lsquo;N\u2019 Top \u2013 des saveurs qui vous surprendront. Il suffit de secouer et de saupoudrer pour r\u00e9v\u00e9ler toute la saveur. Vous pr\u00e9voyez regarder un film en d\u00e9gustant du ma\u00efs souffl\u00e9 bien assaisonn\u00e9? Ou vous souhaitez agr\u00e9menter vos frites ou faire preuve de cr\u00e9ativit\u00e9? Nous avons les assaisonnements qu\u2019il vous faut pour passer au niveau sup\u00e9rieur. Chez nous, gr\u00e2ce \u00e0 la magie de nos assaisonnements, l\u2019ennui n\u2019a pas sa place.    <\/p>\n<\/div><\/div>\n<\/div>\n\n<div class=\"et_pb_column_2 et_pb_column et-last-child et_flex_column_8_24 et_flex_column_24_24_phone et_flex_column et_pb_css_mix_blend_mode_passthrough\">\n<div class=\"et_pb_text_2 et_pb_text et_pb_bg_layout_light et_clickable et_pb_module\"><div class=\"et_pb_text_inner\"><p>VOIR LE FORMULAIRE<\/p>\n<\/div><\/div>\n\n<div class=\"et_pb_text_3 et_pb_text et_pb_bg_layout_light et_clickable et_pb_module\"><div class=\"et_pb_text_inner\"><p>CONTACTER LES VENTES<\/p>\n<\/div><\/div>\n\n<div class=\"et_pb_text_4 et_pb_text et_pb_bg_layout_light et_clickable et_pb_module\"><div class=\"et_pb_text_inner\"><p>D\u00c9COUVRIR LES SAVEURS<\/p>\n<\/div><\/div>\n<\/div>\n<\/div>\n<\/div>\n\n<div class=\"et_pb_section_1 et_pb_section et_section_regular et_flex_section\">\n<div class=\"et_pb_row_2 et_pb_row et_flex_row\">\n<div class=\"et_pb_column_3 et_pb_column et-last-child et_flex_column_24_24 et_flex_column et_pb_css_mix_blend_mode_passthrough\">\n<div class=\"et_pb_image_0 et_pb_image et_pb_module\"><a href=\"http:\/\/brbr\"><span class=\"et_pb_image_wrap\"><img loading=\"lazy\" decoding=\"async\" src=\"https:\/\/popntop.ca\/wp-content\/uploads\/2025\/07\/PacketBar2.png\" width=\"1200\" height=\"367\" srcset=\"https:\/\/popntop.ca\/wp-content\/uploads\/2025\/07\/PacketBar2.png 1200w, https:\/\/popntop.ca\/wp-content\/uploads\/2025\/07\/PacketBar2-980x300.png 980w, https:\/\/popntop.ca\/wp-content\/uploads\/2025\/07\/PacketBar2-480x147.png 480w\" sizes=\"(min-width: 0px) and (max-width: 480px) 480px, (min-width: 481px) and (max-width: 980px) 980px, (min-width: 981px) 1200px, 100vw\" class=\"wp-image-65\" \/><\/span><\/a><\/div>\n<\/div>\n<\/div>\n<\/div>\n\n<div class=\"et_pb_section_2 et_pb_section et_section_regular et_flex_section\">\n<div class=\"et_pb_row_3 et_pb_row et_flex_row\">\n<div class=\"et_pb_column_4 et_pb_column et-last-child et_flex_column_24_24 et_flex_column et_pb_css_mix_blend_mode_passthrough\">\n<div class=\"dsm_image_carousel_0 dsm_image_carousel dsm_image_carousel_horizontal dsm_image_carousel_pagi_placement_right dsm_image_carousel_arrow_outside et_pb_module\"><div class=\"et_pb_module_inner\"><div class=\"swiper-container dsm_image_carousel_container \" data-effect=\"default\"\n\t\t\tdata-slider-effect-shadows=\"true\"\n\t\t\tdata-slider-effect-coverflow-rotate=\"30\"\n\t\t\tdata-slider-effect-coverflow-depth=\"\"\n\t\t\tdata-loop=\"true\"\n\t\t\tdata-slide-to-show=\"6\"\n\t\t\tdata-slide-to-show-tablet=\"\"\n\t\t\tdata-slide-to-show-phone=\"\"\n\t\t\tdata-slide-to-scroll=\"1\"\n\t\t\tdata-slide-to-scroll-tablet=\"1\"\n\t\t\tdata-slide-to-scroll-phone=\"1\"\n\t\t\tdata-space-between=\"0\"\n\t\t\tdata-space-between-tablet=\"\"\n\t\t\tdata-space-between-phone=\"\"\n\t\t\tdata-slide-row=\"1\"\n\t\t\tdata-centered-slides=\"false\"\n\t\t\tdata-speed=\"300\"\n\t\t\tdata-autoplay=\"true\"\n\t\t\tdata-autoplay-speed=\"3000\"\n\t\t\tdata-touch-move=\"true\"\n\t\t\tdata-grab=\"true\"\n\t\t\tdata-pause-on-hover=\"false\"\n\t\t\tdata-show-lightbox=\"false\"\n\t\t\tdata-lightbox-gallery=\"false\"\n\t\t\tdata-lightbox-caption=\"false\"\n\t\t\tdata-infinite-scrolling=\"false\"\n\t\t\tdata-slide-row-tablet=\"\"\n\t\t\tdata-slide-row-phone=\"\"\n\t\t\tdata-autoplay-viewport=80%\n\t\t\tdata-mousewheel=\"false\"\n\t\t\tdata-lazyload=\"true\"\n\t\t\tdata-type=\"carousel\"\n\t\t\tdata-slideshow-effect=\"default\"\n\t\t\tdata-slideshow-to-show=\"4\"\n\t\t\tdata-slideshow-to-show-tablet=\"4\"\n\t\t\tdata-slideshow-to-show-phone=\"\"\n\t\t\tdata-slider-orientation=\"horizontal\"\n\t\t\t\t\t\tdata-lightbox-title=\"false\"\n\n\t\t\t dir=\"ltr\">\n\t\t\t   <div class=\"swiper-wrapper\"><div class=\"swiper-slide dsm_image_carousel_item\"><img decoding=\"async\" src=\"https:\/\/popntop.ca\/wp-content\/uploads\/2025\/07\/popcornbanner7.jpg\" title=\"popcornbanner7\"  \/> <\/div><div class=\"swiper-slide dsm_image_carousel_item\"><img decoding=\"async\" src=\"https:\/\/popntop.ca\/wp-content\/uploads\/2025\/07\/popcornbanner8.jpg\" title=\"popcornbanner8\"  \/> <\/div><div class=\"swiper-slide dsm_image_carousel_item\"><img decoding=\"async\" src=\"https:\/\/popntop.ca\/wp-content\/uploads\/2025\/07\/popcornbanner4.jpg\" title=\"popcornbanner4\"  \/> <\/div><div class=\"swiper-slide dsm_image_carousel_item\"><img decoding=\"async\" src=\"https:\/\/popntop.ca\/wp-content\/uploads\/2025\/07\/popcornbanner2.jpg\" title=\"popcornbanner2\"  \/> <\/div><div class=\"swiper-slide dsm_image_carousel_item\"><img decoding=\"async\" src=\"https:\/\/popntop.ca\/wp-content\/uploads\/2025\/07\/popcornbanner6.jpg\" title=\"popcornbanner6\"  \/> <\/div><div class=\"swiper-slide dsm_image_carousel_item\"><img decoding=\"async\" src=\"https:\/\/popntop.ca\/wp-content\/uploads\/2025\/07\/popcornbanner1.jpg\" title=\"popcornbanner1\"  \/> <\/div><div class=\"swiper-slide dsm_image_carousel_item\"><img decoding=\"async\" src=\"https:\/\/popntop.ca\/wp-content\/uploads\/2025\/07\/popcornbanner5.jpg\" title=\"popcornbanner5\"  \/> <\/div><div class=\"swiper-slide dsm_image_carousel_item\"><img decoding=\"async\" src=\"https:\/\/popntop.ca\/wp-content\/uploads\/2025\/07\/Dill-Pickle-Popcorn-Chicket-Bites_400px.jpg\" title=\"Dill-Pickle-Popcorn-Chicket-Bites_400px\"  \/> <\/div><\/div>\n\t\t\t<\/div>\n\t\t\t\n\t\t\t\n\t\t\t\n\t\t\t<\/div><\/div>\n<\/div>\n<\/div>\n<\/div>","protected":false},"excerpt":{"rendered":"","protected":false},"author":1,"featured_media":0,"parent":0,"menu_order":0,"comment_status":"closed","ping_status":"closed","template":"","meta":{"footnotes":""},"class_list":["post-840","page","type-page","status-publish","hentry"],"dsm_author":{"name":"westerlytrev","avatar_url":"https:\/\/secure.gravatar.com\/avatar\/0590b4be0b02933973e451ed6c8b8226f97ccffac9cedd40a329f25c1c1709a4?s=96&d=mm&r=g","archive_link":"https:\/\/popntop.ca\/fr\/author\/westerlytrev\/","biodata":""},"dsm_categories":[],"dsm_attachment_categories":[],"dsm_featured_image":null,"yoast_head":"<!-- This site is optimized with the Yoast SEO plugin v27.4 - https:\/\/yoast.com\/product\/yoast-seo-wordpress\/ -->\n<title>\u00c0 propos - Pop N Top - Canadian Popcorn Seasoning<\/title>\n<meta name=\"robots\" content=\"index, follow, max-snippet:-1, max-image-preview:large, max-video-preview:-1\" \/>\n<link rel=\"canonical\" href=\"https:\/\/popntop.ca\/fr\/a-propos\/\" \/>\n<meta property=\"og:locale\" content=\"fr_FR\" \/>\n<meta property=\"og:type\" content=\"article\" \/>\n<meta property=\"og:title\" content=\"\u00c0 propos - Pop N Top - Canadian Popcorn Seasoning\" \/>\n<meta property=\"og:url\" content=\"https:\/\/popntop.ca\/fr\/a-propos\/\" \/>\n<meta property=\"og:site_name\" content=\"Pop N Top - Canadian Popcorn Seasoning\" \/>\n<meta property=\"article:modified_time\" content=\"2025-08-11T02:37:41+00:00\" \/>\n<meta name=\"twitter:card\" content=\"summary_large_image\" \/>\n<script type=\"application\/ld+json\" class=\"yoast-schema-graph\">{\"@context\":\"https:\\\/\\\/schema.org\",\"@graph\":[{\"@type\":\"WebPage\",\"@id\":\"https:\\\/\\\/popntop.ca\\\/fr\\\/a-propos\\\/\",\"url\":\"https:\\\/\\\/popntop.ca\\\/fr\\\/a-propos\\\/\",\"name\":\"\u00c0 propos - Pop N Top - Canadian Popcorn Seasoning\",\"isPartOf\":{\"@id\":\"https:\\\/\\\/popntop.ca\\\/fr\\\/#website\"},\"datePublished\":\"2025-07-25T18:29:29+00:00\",\"dateModified\":\"2025-08-11T02:37:41+00:00\",\"breadcrumb\":{\"@id\":\"https:\\\/\\\/popntop.ca\\\/fr\\\/a-propos\\\/#breadcrumb\"},\"inLanguage\":\"fr-FR\",\"potentialAction\":[{\"@type\":\"ReadAction\",\"target\":[\"https:\\\/\\\/popntop.ca\\\/fr\\\/a-propos\\\/\"]}]},{\"@type\":\"BreadcrumbList\",\"@id\":\"https:\\\/\\\/popntop.ca\\\/fr\\\/a-propos\\\/#breadcrumb\",\"itemListElement\":[{\"@type\":\"ListItem\",\"position\":1,\"name\":\"Home\",\"item\":\"https:\\\/\\\/popntop.ca\\\/fr\\\/\"},{\"@type\":\"ListItem\",\"position\":2,\"name\":\"\u00c0 propos\"}]},{\"@type\":\"WebSite\",\"@id\":\"https:\\\/\\\/popntop.ca\\\/fr\\\/#website\",\"url\":\"https:\\\/\\\/popntop.ca\\\/fr\\\/\",\"name\":\"Pop N Top - Canadian Popcorn Seasoning\",\"description\":\"Canadian Made Seasoning to Shake Up Your Flavour Game\",\"potentialAction\":[{\"@type\":\"SearchAction\",\"target\":{\"@type\":\"EntryPoint\",\"urlTemplate\":\"https:\\\/\\\/popntop.ca\\\/fr\\\/?s={search_term_string}\"},\"query-input\":{\"@type\":\"PropertyValueSpecification\",\"valueRequired\":true,\"valueName\":\"search_term_string\"}}],\"inLanguage\":\"fr-FR\"}]}<\/script>\n<!-- \/ Yoast SEO plugin. -->","yoast_head_json":{"title":"\u00c0 propos - Pop N Top - Canadian Popcorn Seasoning","robots":{"index":"index","follow":"follow","max-snippet":"max-snippet:-1","max-image-preview":"max-image-preview:large","max-video-preview":"max-video-preview:-1"},"canonical":"https:\/\/popntop.ca\/fr\/a-propos\/","og_locale":"fr_FR","og_type":"article","og_title":"\u00c0 propos - Pop N Top - Canadian Popcorn Seasoning","og_url":"https:\/\/popntop.ca\/fr\/a-propos\/","og_site_name":"Pop N Top - Canadian Popcorn Seasoning","article_modified_time":"2025-08-11T02:37:41+00:00","twitter_card":"summary_large_image","schema":{"@context":"https:\/\/schema.org","@graph":[{"@type":"WebPage","@id":"https:\/\/popntop.ca\/fr\/a-propos\/","url":"https:\/\/popntop.ca\/fr\/a-propos\/","name":"\u00c0 propos - Pop N Top - Canadian Popcorn Seasoning","isPartOf":{"@id":"https:\/\/popntop.ca\/fr\/#website"},"datePublished":"2025-07-25T18:29:29+00:00","dateModified":"2025-08-11T02:37:41+00:00","breadcrumb":{"@id":"https:\/\/popntop.ca\/fr\/a-propos\/#breadcrumb"},"inLanguage":"fr-FR","potentialAction":[{"@type":"ReadAction","target":["https:\/\/popntop.ca\/fr\/a-propos\/"]}]},{"@type":"BreadcrumbList","@id":"https:\/\/popntop.ca\/fr\/a-propos\/#breadcrumb","itemListElement":[{"@type":"ListItem","position":1,"name":"Home","item":"https:\/\/popntop.ca\/fr\/"},{"@type":"ListItem","position":2,"name":"\u00c0 propos"}]},{"@type":"WebSite","@id":"https:\/\/popntop.ca\/fr\/#website","url":"https:\/\/popntop.ca\/fr\/","name":"Pop N Top - Canadian Popcorn Seasoning","description":"Canadian Made Seasoning to Shake Up Your Flavour Game","potentialAction":[{"@type":"SearchAction","target":{"@type":"EntryPoint","urlTemplate":"https:\/\/popntop.ca\/fr\/?s={search_term_string}"},"query-input":{"@type":"PropertyValueSpecification","valueRequired":true,"valueName":"search_term_string"}}],"inLanguage":"fr-FR"}]}},"_links":{"self":[{"href":"https:\/\/popntop.ca\/fr\/wp-json\/wp\/v2\/pages\/840","targetHints":{"allow":["GET"]}}],"collection":[{"href":"https:\/\/popntop.ca\/fr\/wp-json\/wp\/v2\/pages"}],"about":[{"href":"https:\/\/popntop.ca\/fr\/wp-json\/wp\/v2\/types\/page"}],"author":[{"embeddable":true,"href":"https:\/\/popntop.ca\/fr\/wp-json\/wp\/v2\/users\/1"}],"replies":[{"embeddable":true,"href":"https:\/\/popntop.ca\/fr\/wp-json\/wp\/v2\/comments?post=840"}],"version-history":[{"count":11,"href":"https:\/\/popntop.ca\/fr\/wp-json\/wp\/v2\/pages\/840\/revisions"}],"predecessor-version":[{"id":922,"href":"https:\/\/popntop.ca\/fr\/wp-json\/wp\/v2\/pages\/840\/revisions\/922"}],"wp:attachment":[{"href":"https:\/\/popntop.ca\/fr\/wp-json\/wp\/v2\/media?parent=840"}],"curies":[{"name":"wp","href":"https:\/\/api.w.org\/{rel}","templated":true}]}}