{"id":844,"date":"2025-07-25T18:30:03","date_gmt":"2025-07-25T18:30:03","guid":{"rendered":"https:\/\/popntop.ca\/possibilites-de-collecte-de-fonds\/"},"modified":"2025-08-11T02:39:09","modified_gmt":"2025-08-11T02:39:09","slug":"possibilites-de-collecte-de-fonds","status":"publish","type":"page","link":"https:\/\/popntop.ca\/fr\/possibilites-de-collecte-de-fonds\/","title":{"rendered":"POSSIBILIT\u00c9S DE COLLECTE DE FONDS"},"content":{"rendered":"<div class=\"et_pb_section_0 et_pb_section et_section_regular et_block_section\">\n<div class=\"et_pb_row_0 et_pb_row et_flex_row\">\n<div class=\"et_pb_column_0 et_pb_column et_flex_column_24_24 et_flex_column et_pb_css_mix_blend_mode_passthrough\">\n<div class=\"et_pb_text_0 et_pb_text et_pb_bg_layout_light et_pb_module\"><div class=\"et_pb_text_inner\"><p><!-- wp:divi\/placeholder \/--><\/p>\n<\/div><\/div>\n\n<div class=\"et_pb_heading_0 et_pb_heading et_pb_module preset--module--divi-heading--default\"><div class=\"et_pb_heading_container\"><h1 class=\"et_pb_module_header\">POSSIBILIT\u00c9S DE COLLECTE DE FONDS<\/h1><\/div><\/div>\n\n<div class=\"et_pb_heading_1 et_pb_heading et_pb_module preset--module--divi-heading--ysyr93m2e5\"><div class=\"et_pb_heading_container\"><h2 class=\"et_pb_module_header\">RECUEILLIR DES FONDS EN S\u2019AMUSANT<\/h2><\/div><\/div>\n\n<div class=\"et_pb_text_1 et_pb_text et_pb_bg_layout_light et_pb_module preset--module--divi-text--6vizrpz438\"><div class=\"et_pb_text_inner\"><p>Vous voulez recueillir des fonds? Nous vous avons ce qu\u2019il vous faut. Que ce soit pour une \u00e9cole, une \u00e9quipe ou une bonne cause, Pop &lsquo;N\u2019 Top vous facilite la t\u00e2che. Nos garnitures pour ma\u00efs souffl\u00e9 sont amusantes \u00e0 vendre et faciles \u00e0 aimer et offrent des saveurs pour tous.   <\/p>\n<p><span style=\"color: #ff0000;\">C\u2019est parti!<\/span><\/p>\n<\/div><\/div>\n\n<div class=\"et_pb_text_2 et_pb_text et_pb_bg_layout_light et_clickable et_pb_module\"><div class=\"et_pb_text_inner\"><p>VOIR LE FORMULAIRE<\/p>\n<\/div><\/div>\n\n<div class=\"et_pb_text_3 et_pb_text et_pb_bg_layout_light et_clickable et_pb_module\"><div class=\"et_pb_text_inner\"><p>CONTACTER LES VENTES<\/p>\n<\/div><\/div>\n\n<div class=\"et_pb_text_4 et_pb_text et_pb_bg_layout_light et_clickable et_pb_module\"><div class=\"et_pb_text_inner\"><p>D\u00c9COUVRIR LES SAVEURS<\/p>\n<\/div><\/div>\n<\/div>\n\n<div class=\"et_pb_column_1 et_pb_column et-last-child et_flex_column_24_24 et_flex_column et_pb_css_mix_blend_mode_passthrough\">\n<div class=\"et_pb_image_0 et_pb_image et_pb_module\"><span class=\"et_pb_image_wrap\"><img loading=\"lazy\" decoding=\"async\" src=\"https:\/\/popntop.ca\/wp-content\/uploads\/2025\/07\/DollarSign-on-Light.png\" width=\"454\" height=\"736\" srcset=\"https:\/\/popntop.ca\/wp-content\/uploads\/2025\/07\/DollarSign-on-Light.png 454w, https:\/\/popntop.ca\/wp-content\/uploads\/2025\/07\/DollarSign-on-Light-185x300.png 185w\" sizes=\"(max-width: 454px) 100vw, 454px\" class=\"wp-image-131\" \/><\/span><\/div>\n<\/div>\n<\/div>\n<\/div>\n\n<div class=\"et_pb_section_1 et_pb_section et_section_regular et_flex_section\">\n<div class=\"et_pb_row_1 et_pb_row et_flex_row\">\n<div class=\"et_pb_column_2 et_pb_column et-last-child et_flex_column_24_24 et_flex_column et_pb_css_mix_blend_mode_passthrough\">\n<div class=\"et_pb_image_1 et_pb_image et_pb_image_bottom_space_phone et_pb_module\"><span class=\"et_pb_image_wrap\"><img loading=\"lazy\" decoding=\"async\" src=\"https:\/\/popntop.ca\/wp-content\/uploads\/2025\/07\/PacketBar2.png\" width=\"1200\" height=\"367\" srcset=\"https:\/\/popntop.ca\/wp-content\/uploads\/2025\/07\/PacketBar2.png 1200w, https:\/\/popntop.ca\/wp-content\/uploads\/2025\/07\/PacketBar2-980x300.png 980w, https:\/\/popntop.ca\/wp-content\/uploads\/2025\/07\/PacketBar2-480x147.png 480w\" sizes=\"(min-width: 0px) and (max-width: 480px) 480px, (min-width: 481px) and (max-width: 980px) 980px, (min-width: 981px) 1200px, 100vw\" class=\"wp-image-65\" \/><\/span><\/div>\n<\/div>\n<\/div>\n<\/div>","protected":false},"excerpt":{"rendered":"","protected":false},"author":1,"featured_media":0,"parent":0,"menu_order":0,"comment_status":"closed","ping_status":"closed","template":"","meta":{"footnotes":""},"class_list":["post-844","page","type-page","status-publish","hentry"],"dsm_author":{"name":"westerlytrev","avatar_url":"https:\/\/secure.gravatar.com\/avatar\/0590b4be0b02933973e451ed6c8b8226f97ccffac9cedd40a329f25c1c1709a4?s=96&d=mm&r=g","archive_link":"https:\/\/popntop.ca\/fr\/author\/westerlytrev\/","biodata":""},"dsm_categories":[],"dsm_attachment_categories":[],"dsm_featured_image":null,"yoast_head":"<!-- This site is optimized with the Yoast SEO plugin v27.4 - https:\/\/yoast.com\/product\/yoast-seo-wordpress\/ -->\n<title>POSSIBILIT\u00c9S DE COLLECTE DE FONDS - Pop N Top - Canadian Popcorn Seasoning<\/title>\n<meta name=\"robots\" content=\"index, follow, max-snippet:-1, max-image-preview:large, max-video-preview:-1\" \/>\n<link rel=\"canonical\" href=\"https:\/\/popntop.ca\/fr\/possibilites-de-collecte-de-fonds\/\" \/>\n<meta property=\"og:locale\" content=\"fr_FR\" \/>\n<meta property=\"og:type\" content=\"article\" \/>\n<meta property=\"og:title\" content=\"POSSIBILIT\u00c9S DE COLLECTE DE FONDS - Pop N Top - Canadian Popcorn Seasoning\" \/>\n<meta property=\"og:url\" content=\"https:\/\/popntop.ca\/fr\/possibilites-de-collecte-de-fonds\/\" \/>\n<meta property=\"og:site_name\" content=\"Pop N Top - Canadian Popcorn Seasoning\" \/>\n<meta property=\"article:modified_time\" content=\"2025-08-11T02:39:09+00:00\" \/>\n<meta name=\"twitter:card\" content=\"summary_large_image\" \/>\n<script type=\"application\/ld+json\" class=\"yoast-schema-graph\">{\"@context\":\"https:\\\/\\\/schema.org\",\"@graph\":[{\"@type\":\"WebPage\",\"@id\":\"https:\\\/\\\/popntop.ca\\\/fr\\\/possibilites-de-collecte-de-fonds\\\/\",\"url\":\"https:\\\/\\\/popntop.ca\\\/fr\\\/possibilites-de-collecte-de-fonds\\\/\",\"name\":\"POSSIBILIT\u00c9S DE COLLECTE DE FONDS - Pop N Top - Canadian Popcorn Seasoning\",\"isPartOf\":{\"@id\":\"https:\\\/\\\/popntop.ca\\\/fr\\\/#website\"},\"datePublished\":\"2025-07-25T18:30:03+00:00\",\"dateModified\":\"2025-08-11T02:39:09+00:00\",\"breadcrumb\":{\"@id\":\"https:\\\/\\\/popntop.ca\\\/fr\\\/possibilites-de-collecte-de-fonds\\\/#breadcrumb\"},\"inLanguage\":\"fr-FR\",\"potentialAction\":[{\"@type\":\"ReadAction\",\"target\":[\"https:\\\/\\\/popntop.ca\\\/fr\\\/possibilites-de-collecte-de-fonds\\\/\"]}]},{\"@type\":\"BreadcrumbList\",\"@id\":\"https:\\\/\\\/popntop.ca\\\/fr\\\/possibilites-de-collecte-de-fonds\\\/#breadcrumb\",\"itemListElement\":[{\"@type\":\"ListItem\",\"position\":1,\"name\":\"Home\",\"item\":\"https:\\\/\\\/popntop.ca\\\/fr\\\/\"},{\"@type\":\"ListItem\",\"position\":2,\"name\":\"POSSIBILIT\u00c9S DE COLLECTE DE FONDS\"}]},{\"@type\":\"WebSite\",\"@id\":\"https:\\\/\\\/popntop.ca\\\/fr\\\/#website\",\"url\":\"https:\\\/\\\/popntop.ca\\\/fr\\\/\",\"name\":\"Pop N Top - Canadian Popcorn Seasoning\",\"description\":\"Canadian Made Seasoning to Shake Up Your Flavour Game\",\"potentialAction\":[{\"@type\":\"SearchAction\",\"target\":{\"@type\":\"EntryPoint\",\"urlTemplate\":\"https:\\\/\\\/popntop.ca\\\/fr\\\/?s={search_term_string}\"},\"query-input\":{\"@type\":\"PropertyValueSpecification\",\"valueRequired\":true,\"valueName\":\"search_term_string\"}}],\"inLanguage\":\"fr-FR\"}]}<\/script>\n<!-- \/ Yoast SEO plugin. -->","yoast_head_json":{"title":"POSSIBILIT\u00c9S DE COLLECTE DE FONDS - Pop N Top - Canadian Popcorn Seasoning","robots":{"index":"index","follow":"follow","max-snippet":"max-snippet:-1","max-image-preview":"max-image-preview:large","max-video-preview":"max-video-preview:-1"},"canonical":"https:\/\/popntop.ca\/fr\/possibilites-de-collecte-de-fonds\/","og_locale":"fr_FR","og_type":"article","og_title":"POSSIBILIT\u00c9S DE COLLECTE DE FONDS - Pop N Top - Canadian Popcorn Seasoning","og_url":"https:\/\/popntop.ca\/fr\/possibilites-de-collecte-de-fonds\/","og_site_name":"Pop N Top - Canadian Popcorn Seasoning","article_modified_time":"2025-08-11T02:39:09+00:00","twitter_card":"summary_large_image","schema":{"@context":"https:\/\/schema.org","@graph":[{"@type":"WebPage","@id":"https:\/\/popntop.ca\/fr\/possibilites-de-collecte-de-fonds\/","url":"https:\/\/popntop.ca\/fr\/possibilites-de-collecte-de-fonds\/","name":"POSSIBILIT\u00c9S DE COLLECTE DE FONDS - Pop N Top - Canadian Popcorn Seasoning","isPartOf":{"@id":"https:\/\/popntop.ca\/fr\/#website"},"datePublished":"2025-07-25T18:30:03+00:00","dateModified":"2025-08-11T02:39:09+00:00","breadcrumb":{"@id":"https:\/\/popntop.ca\/fr\/possibilites-de-collecte-de-fonds\/#breadcrumb"},"inLanguage":"fr-FR","potentialAction":[{"@type":"ReadAction","target":["https:\/\/popntop.ca\/fr\/possibilites-de-collecte-de-fonds\/"]}]},{"@type":"BreadcrumbList","@id":"https:\/\/popntop.ca\/fr\/possibilites-de-collecte-de-fonds\/#breadcrumb","itemListElement":[{"@type":"ListItem","position":1,"name":"Home","item":"https:\/\/popntop.ca\/fr\/"},{"@type":"ListItem","position":2,"name":"POSSIBILIT\u00c9S DE COLLECTE DE FONDS"}]},{"@type":"WebSite","@id":"https:\/\/popntop.ca\/fr\/#website","url":"https:\/\/popntop.ca\/fr\/","name":"Pop N Top - Canadian Popcorn Seasoning","description":"Canadian Made Seasoning to Shake Up Your Flavour Game","potentialAction":[{"@type":"SearchAction","target":{"@type":"EntryPoint","urlTemplate":"https:\/\/popntop.ca\/fr\/?s={search_term_string}"},"query-input":{"@type":"PropertyValueSpecification","valueRequired":true,"valueName":"search_term_string"}}],"inLanguage":"fr-FR"}]}},"_links":{"self":[{"href":"https:\/\/popntop.ca\/fr\/wp-json\/wp\/v2\/pages\/844","targetHints":{"allow":["GET"]}}],"collection":[{"href":"https:\/\/popntop.ca\/fr\/wp-json\/wp\/v2\/pages"}],"about":[{"href":"https:\/\/popntop.ca\/fr\/wp-json\/wp\/v2\/types\/page"}],"author":[{"embeddable":true,"href":"https:\/\/popntop.ca\/fr\/wp-json\/wp\/v2\/users\/1"}],"replies":[{"embeddable":true,"href":"https:\/\/popntop.ca\/fr\/wp-json\/wp\/v2\/comments?post=844"}],"version-history":[{"count":4,"href":"https:\/\/popntop.ca\/fr\/wp-json\/wp\/v2\/pages\/844\/revisions"}],"predecessor-version":[{"id":923,"href":"https:\/\/popntop.ca\/fr\/wp-json\/wp\/v2\/pages\/844\/revisions\/923"}],"wp:attachment":[{"href":"https:\/\/popntop.ca\/fr\/wp-json\/wp\/v2\/media?parent=844"}],"curies":[{"name":"wp","href":"https:\/\/api.w.org\/{rel}","templated":true}]}}