{"id":864,"date":"2025-07-31T01:36:47","date_gmt":"2025-07-31T01:36:47","guid":{"rendered":"https:\/\/popntop.ca\/nos-saveurs\/creme-sure-et-ciboulette\/"},"modified":"2025-08-11T03:04:40","modified_gmt":"2025-08-11T03:04:40","slug":"creme-sure-et-ciboulette","status":"publish","type":"page","link":"https:\/\/popntop.ca\/fr\/nos-saveurs\/creme-sure-et-ciboulette\/","title":{"rendered":"CR\u00c8ME SURE ET CIBOULETTE"},"content":{"rendered":"<div class=\"et_pb_section_0 et_pb_section et_section_regular et_flex_section\">\n<div class=\"et_pb_row_0 et_pb_row et_flex_row\">\n<div class=\"et_pb_column_0 et_pb_column et-last-child et_flex_column_24_24 et_flex_column et_pb_css_mix_blend_mode_passthrough\">\n<div class=\"et_pb_menu_0 et_pb_menu et_pb_menu--with-logo et_pb_menu--style-left_aligned et_dropdown_animation_fade et_pb_bg_layout_light et_pb_text_align_right et_pb_text_align_right-tablet et_pb_text_align_right-phone et_pb_module\"><div class=\"et_pb_menu_inner_container clearfix\"><div class=\"et_pb_menu__logo-wrap\"><div class=\"et_pb_menu__logo\"><a href=\"https:\/\/popntop.ca\/fr\/\"><img loading=\"lazy\" decoding=\"async\" src=\"https:\/\/popntop.ca\/wp-content\/uploads\/2025\/07\/LogoOrange.jpg\" width=\"352\" height=\"246\" srcset=\"https:\/\/popntop.ca\/wp-content\/uploads\/2025\/07\/LogoOrange.jpg 352w, https:\/\/popntop.ca\/wp-content\/uploads\/2025\/07\/LogoOrange-300x210.jpg 300w\" sizes=\"(max-width: 352px) 100vw, 352px\" class=\"wp-image-475\" \/><\/a><\/div><\/div><div class=\"et_pb_menu__wrap\"><div class=\"et_pb_menu__menu\"><nav class=\"et-menu-nav\"><ul id=\"menu-primary-menu-french\" class=\"et-menu nav downwards\"><li id=\"menu-item-872\" class=\"et_pb_menu_page_id-840 menu-item menu-item-type-post_type menu-item-object-page menu-item-872\"><a href=\"https:\/\/popntop.ca\/fr\/a-propos\/\">\u00c0 propos<\/a><\/li>\n<li id=\"menu-item-873\" class=\"et_pb_menu_page_id-854 menu-item menu-item-type-post_type menu-item-object-page menu-item-873\"><a href=\"https:\/\/popntop.ca\/fr\/nos-saveurs\/\">Nos Saveurs<\/a><\/li>\n<li id=\"menu-item-874\" class=\"et_pb_menu_page_id-870 menu-item menu-item-type-post_type menu-item-object-page menu-item-874\"><a href=\"https:\/\/popntop.ca\/fr\/ou-acheter\/\">O\u00f9 acheter<\/a><\/li>\n<li id=\"menu-item-875\" class=\"et_pb_menu_page_id-844 menu-item menu-item-type-post_type menu-item-object-page menu-item-875\"><a href=\"https:\/\/popntop.ca\/fr\/possibilites-de-collecte-de-fonds\/\">Collecte de Fonds<\/a><\/li>\n<li id=\"menu-item-876\" class=\"et_pb_menu_page_id-868 menu-item menu-item-type-post_type menu-item-object-page menu-item-876\"><a href=\"https:\/\/popntop.ca\/fr\/recettes\/\">Recettes<\/a><\/li>\n<li id=\"menu-item-wpml-ls-3-fr\" class=\"menu-item wpml-ls-slot-3 wpml-ls-item wpml-ls-item-fr wpml-ls-current-language wpml-ls-menu-item wpml-ls-last-item menu-item-type-wpml_ls_menu_item menu-item-object-wpml_ls_menu_item menu-item-has-children menu-item-wpml-ls-3-fr\"><a href=\"https:\/\/popntop.ca\/fr\/\" role=\"menuitem\"><span class=\"wpml-ls-native\" lang=\"fr\">Fran\u00e7ais<\/span><\/a>\n<ul class=\"sub-menu\">\n\t<li id=\"menu-item-wpml-ls-3-en\" class=\"menu-item wpml-ls-slot-3 wpml-ls-item wpml-ls-item-en wpml-ls-menu-item wpml-ls-first-item menu-item-type-wpml_ls_menu_item menu-item-object-wpml_ls_menu_item menu-item-wpml-ls-3-en\"><a href=\"https:\/\/popntop.ca\/\" title=\"Passer \u00e0 Anglais(English)\" aria-label=\"Passer \u00e0 Anglais(English)\" role=\"menuitem\"><span class=\"wpml-ls-native\" lang=\"en\">English<\/span><span class=\"wpml-ls-display\"><span class=\"wpml-ls-bracket\"> (<\/span>Anglais<span class=\"wpml-ls-bracket\">)<\/span><\/span><\/a><\/li>\n<\/ul>\n<\/li>\n<\/ul><\/nav><\/div><div class=\"et_mobile_nav_menu\"><div class=\"mobile_nav closed\"><span class=\"mobile_menu_bar\"><\/span><\/div><\/div><\/div><\/div><\/div>\n<\/div>\n<\/div>\n\n<div class=\"et_pb_row_1 et_pb_row et_flex_row\">\n<div class=\"et_pb_column_1 et_pb_column et_flex_column_12_24 et_flex_column_12_24_tablet et_flex_column_24_24_phone et_flex_column et_pb_css_mix_blend_mode_passthrough\">\n<div class=\"et_pb_heading_0 et_pb_heading et_pb_module preset--module--divi-heading--default\"><div class=\"et_pb_heading_container\"><h1 class=\"et_pb_module_header\">CR\u00c8ME SURE ET CIBOULETTE<\/h1><\/div><\/div>\n\n<div class=\"et_pb_text_0 et_pb_text et_pb_bg_layout_light et_pb_module\"><div class=\"et_pb_text_inner\"><p>Imaginez la garniture id\u00e9ale pour une patate au four, sauf que cette fois-ci, c\u2019est pour du ma\u00efs souffl\u00e9. L\u2019assaisonnement Cr\u00e8me sure et ciboulette de Pop \u2018n\u2019 Top pour ma\u00efs souffl\u00e9 apporte une note rafra\u00eechissante de cr\u00e8me sure agr\u00e9ment\u00e9e de ciboulette. C\u2019est comme si votre saveur pr\u00e9f\u00e9r\u00e9e de croustilles avait d\u00e9cid\u00e9 de s\u2019associer \u00e0 une autre saveur pour rendre le tout encore plus savoureux. Et c\u2019est une vraie r\u00e9ussite. D\u2019ailleurs, cette saveur se marie \u00e0 merveille avec le beurre pour obtenir un ma\u00efs souffl\u00e9 incomparable.    <\/p>\n<\/div><\/div>\n<\/div>\n\n<div class=\"et_pb_column_2 et_pb_column et-last-child et_flex_column_12_24 et_flex_column_12_24_tablet et_flex_column_24_24_phone et_flex_column et_pb_css_mix_blend_mode_passthrough\">\n<div class=\"et_pb_image_0 et_pb_image et_pb_module\" id=\"exp\"><span class=\"et_pb_image_wrap\"><img loading=\"lazy\" decoding=\"async\" src=\"https:\/\/popntop.ca\/wp-content\/uploads\/2025\/07\/sourexp.png\" width=\"600\" height=\"600\" srcset=\"https:\/\/popntop.ca\/wp-content\/uploads\/2025\/07\/sourexp.png 600w, https:\/\/popntop.ca\/wp-content\/uploads\/2025\/07\/sourexp-480x480.png 480w\" sizes=\"(min-width: 0px) and (max-width: 480px) 480px, (min-width: 481px) 600px, 100vw\" class=\"wp-image-402\" \/><\/span><\/div>\n\n<div class=\"et_pb_image_1 et_pb_image et_pb_module\" id=\"lg-packet\"><span class=\"et_pb_image_wrap\"><img loading=\"lazy\" decoding=\"async\" src=\"https:\/\/popntop.ca\/wp-content\/uploads\/2025\/07\/Chive350w.png\" width=\"350\" height=\"580\" srcset=\"https:\/\/popntop.ca\/wp-content\/uploads\/2025\/07\/Chive350w.png 350w, https:\/\/popntop.ca\/wp-content\/uploads\/2025\/07\/Chive350w-181x300.png 181w\" sizes=\"(max-width: 350px) 100vw, 350px\" class=\"wp-image-500\" \/><\/span><\/div>\n<\/div>\n<\/div>\n\n<div class=\"et_pb_row_2 et_pb_row et-vb-row--no-module et_flex_row\">\n<div class=\"et_pb_column_3 et_pb_column et-last-child et_flex_column_24_24 et_flex_column et_pb_column_empty et_pb_css_mix_blend_mode_passthrough\"><\/div>\n<\/div>\n<\/div>\n\n<div class=\"et_pb_section_1 et_pb_section et_section_regular et_flex_section\">\n<div class=\"et_pb_row_3 et_pb_row et_flex_row\">\n<div class=\"et_pb_column_4 et_pb_column et_flex_column_4_24 et_flex_column_8_24_tablet et_flex_column_12_24_phone et_flex_column et_pb_css_mix_blend_mode_passthrough\">\n<div class=\"et_pb_image_2 et_pb_image et_pb_module\" id=\"sm-bbq-exp\"><span class=\"et_pb_image_wrap\"><img loading=\"lazy\" decoding=\"async\" src=\"https:\/\/popntop.ca\/wp-content\/uploads\/2025\/07\/bbqexp.png\" width=\"600\" height=\"600\" srcset=\"https:\/\/popntop.ca\/wp-content\/uploads\/2025\/07\/bbqexp.png 600w, https:\/\/popntop.ca\/wp-content\/uploads\/2025\/07\/bbqexp-480x480.png 480w\" sizes=\"(min-width: 0px) and (max-width: 480px) 480px, (min-width: 481px) 600px, 100vw\" class=\"wp-image-416\" \/><\/span><\/div>\n\n<div class=\"et_pb_image_3 et_pb_image et_pb_module packet-150\" id=\"bbq-packet-150\"><a href=\"https:\/\/popntop.ca\/fr\/nos-saveurs\/bbq-branche\/\"><span class=\"et_pb_image_wrap\"><img loading=\"lazy\" decoding=\"async\" src=\"https:\/\/popntop.ca\/wp-content\/uploads\/2025\/07\/BBQ350w.png\" width=\"350\" height=\"580\" srcset=\"https:\/\/popntop.ca\/wp-content\/uploads\/2025\/07\/BBQ350w.png 350w, https:\/\/popntop.ca\/wp-content\/uploads\/2025\/07\/BBQ350w-181x300.png 181w\" sizes=\"(max-width: 350px) 100vw, 350px\" class=\"wp-image-498\" \/><\/span><\/a><\/div>\n<\/div>\n\n<div class=\"et_pb_column_5 et_pb_column et_flex_column_4_24 et_flex_column_8_24_tablet et_flex_column_12_24_phone et_flex_column et_pb_css_mix_blend_mode_passthrough\">\n<div class=\"et_pb_image_4 et_pb_image et_pb_module\" id=\"sm-dill-exp\"><span class=\"et_pb_image_wrap\"><img loading=\"lazy\" decoding=\"async\" src=\"https:\/\/popntop.ca\/wp-content\/uploads\/2025\/07\/dillexp.png\" width=\"600\" height=\"600\" srcset=\"https:\/\/popntop.ca\/wp-content\/uploads\/2025\/07\/dillexp.png 600w, https:\/\/popntop.ca\/wp-content\/uploads\/2025\/07\/dillexp-480x480.png 480w\" sizes=\"(min-width: 0px) and (max-width: 480px) 480px, (min-width: 481px) 600px, 100vw\" class=\"wp-image-420\" \/><\/span><\/div>\n\n<div class=\"et_pb_image_5 et_pb_image et_pb_module packet-150\" id=\"dill-packet-150\"><a href=\"https:\/\/popntop.ca\/fr\/nos-saveurs\/planete-aneth\/\"><span class=\"et_pb_image_wrap\"><img loading=\"lazy\" decoding=\"async\" src=\"https:\/\/popntop.ca\/wp-content\/uploads\/2025\/07\/Dill350w.png\" width=\"350\" height=\"580\" srcset=\"https:\/\/popntop.ca\/wp-content\/uploads\/2025\/07\/Dill350w.png 350w, https:\/\/popntop.ca\/wp-content\/uploads\/2025\/07\/Dill350w-181x300.png 181w\" sizes=\"(max-width: 350px) 100vw, 350px\" class=\"wp-image-501\" \/><\/span><\/a><\/div>\n<\/div>\n\n<div class=\"et_pb_column_6 et_pb_column et_flex_column_4_24 et_flex_column_8_24_tablet et_flex_column_12_24_phone et_flex_column et_pb_css_mix_blend_mode_passthrough\">\n<div class=\"et_pb_image_6 et_pb_image et_pb_module\" id=\"sm-cheddar-exp\"><span class=\"et_pb_image_wrap\"><img loading=\"lazy\" decoding=\"async\" src=\"https:\/\/popntop.ca\/wp-content\/uploads\/2025\/07\/cheddexp.png\" width=\"600\" height=\"600\" srcset=\"https:\/\/popntop.ca\/wp-content\/uploads\/2025\/07\/cheddexp.png 600w, https:\/\/popntop.ca\/wp-content\/uploads\/2025\/07\/cheddexp-480x480.png 480w\" sizes=\"(min-width: 0px) and (max-width: 480px) 480px, (min-width: 481px) 600px, 100vw\" class=\"wp-image-397\" \/><\/span><\/div>\n\n<div class=\"et_pb_image_7 et_pb_image et_pb_module packet-150\" id=\"cheddar-packet-150\"><a href=\"https:\/\/popntop.ca\/fr\/nos-saveurs\/cheddar-blanc\/\"><span class=\"et_pb_image_wrap\"><img loading=\"lazy\" decoding=\"async\" src=\"https:\/\/popntop.ca\/wp-content\/uploads\/2025\/07\/Cheddar350w.png\" width=\"350\" height=\"580\" srcset=\"https:\/\/popntop.ca\/wp-content\/uploads\/2025\/07\/Cheddar350w.png 350w, https:\/\/popntop.ca\/wp-content\/uploads\/2025\/07\/Cheddar350w-181x300.png 181w\" sizes=\"(max-width: 350px) 100vw, 350px\" class=\"wp-image-499\" \/><\/span><\/a><\/div>\n<\/div>\n\n<div class=\"et_pb_column_7 et_pb_column et_flex_column_4_24 et_flex_column_8_24_tablet et_flex_column_12_24_phone et_flex_column et_pb_css_mix_blend_mode_passthrough\">\n<div class=\"et_pb_image_8 et_pb_image et_pb_module\" id=\"sm-ketchup-exp\"><span class=\"et_pb_image_wrap\"><img loading=\"lazy\" decoding=\"async\" src=\"https:\/\/popntop.ca\/wp-content\/uploads\/2025\/07\/ketchupexp.png\" width=\"600\" height=\"600\" srcset=\"https:\/\/popntop.ca\/wp-content\/uploads\/2025\/07\/ketchupexp.png 600w, https:\/\/popntop.ca\/wp-content\/uploads\/2025\/07\/ketchupexp-480x480.png 480w\" sizes=\"(min-width: 0px) and (max-width: 480px) 480px, (min-width: 481px) 600px, 100vw\" class=\"wp-image-384\" \/><\/span><\/div>\n\n<div class=\"et_pb_image_9 et_pb_image et_pb_module packet-150\" id=\"ketchup-packet-150\"><a href=\"https:\/\/popntop.ca\/fr\/nos-saveurs\/ketchup-extreme\/\"><span class=\"et_pb_image_wrap\"><img loading=\"lazy\" decoding=\"async\" src=\"https:\/\/popntop.ca\/wp-content\/uploads\/2025\/07\/Ketchup350w.png\" width=\"350\" height=\"580\" srcset=\"https:\/\/popntop.ca\/wp-content\/uploads\/2025\/07\/Ketchup350w.png 350w, https:\/\/popntop.ca\/wp-content\/uploads\/2025\/07\/Ketchup350w-181x300.png 181w\" sizes=\"(max-width: 350px) 100vw, 350px\" class=\"wp-image-502\" \/><\/span><\/a><\/div>\n<\/div>\n\n<div class=\"et_pb_column_8 et_pb_column et_flex_column_4_24 et_flex_column_8_24_tablet et_flex_column_12_24_phone et_flex_column et_pb_css_mix_blend_mode_passthrough\">\n<div class=\"et_pb_image_10 et_pb_image et_pb_module\" id=\"sm-vinegar-exp\"><span class=\"et_pb_image_wrap\"><img loading=\"lazy\" decoding=\"async\" src=\"https:\/\/popntop.ca\/wp-content\/uploads\/2025\/07\/vinexp.png\" width=\"600\" height=\"600\" srcset=\"https:\/\/popntop.ca\/wp-content\/uploads\/2025\/07\/vinexp.png 600w, https:\/\/popntop.ca\/wp-content\/uploads\/2025\/07\/vinexp-480x480.png 480w\" sizes=\"(min-width: 0px) and (max-width: 480px) 480px, (min-width: 481px) 600px, 100vw\" class=\"wp-image-418\" \/><\/span><\/div>\n\n<div class=\"et_pb_image_11 et_pb_image et_pb_module packet-150\" id=\"vinegar-packet-150\"><a href=\"https:\/\/popntop.ca\/fr\/nos-saveurs\/sel-et-vinaigre\/\"><span class=\"et_pb_image_wrap\"><img loading=\"lazy\" decoding=\"async\" src=\"https:\/\/popntop.ca\/wp-content\/uploads\/2025\/07\/Vinegar350w.png\" width=\"350\" height=\"580\" srcset=\"https:\/\/popntop.ca\/wp-content\/uploads\/2025\/07\/Vinegar350w.png 350w, https:\/\/popntop.ca\/wp-content\/uploads\/2025\/07\/Vinegar350w-181x300.png 181w\" sizes=\"(max-width: 350px) 100vw, 350px\" class=\"wp-image-503\" \/><\/span><\/a><\/div>\n<\/div>\n\n<div class=\"et_pb_column_9 et_pb_column et-last-child et_flex_column_4_24 et_flex_column_8_24_tablet et_flex_column_12_24_phone et_flex_column et_pb_css_mix_blend_mode_passthrough\">\n<div class=\"et_pb_image_12 et_pb_image et_pb_module\" id=\"sm-chive-exp\"><span class=\"et_pb_image_wrap\"><img loading=\"lazy\" decoding=\"async\" src=\"https:\/\/popntop.ca\/wp-content\/uploads\/2025\/07\/dillexp.png\" width=\"600\" height=\"600\" srcset=\"https:\/\/popntop.ca\/wp-content\/uploads\/2025\/07\/dillexp.png 600w, https:\/\/popntop.ca\/wp-content\/uploads\/2025\/07\/dillexp-480x480.png 480w\" sizes=\"(min-width: 0px) and (max-width: 480px) 480px, (min-width: 481px) 600px, 100vw\" class=\"wp-image-420\" \/><\/span><\/div>\n\n<div class=\"et_pb_image_13 et_pb_image et_pb_module packet-150\" id=\"chive-packet-150\"><a href=\"https:\/\/popntop.ca\/fr\/nos-saveurs\/creme-sure-et-ciboulette\/\"><span class=\"et_pb_image_wrap\"><img loading=\"lazy\" decoding=\"async\" src=\"https:\/\/popntop.ca\/wp-content\/uploads\/2025\/07\/Chive350w.png\" width=\"350\" height=\"580\" srcset=\"https:\/\/popntop.ca\/wp-content\/uploads\/2025\/07\/Chive350w.png 350w, https:\/\/popntop.ca\/wp-content\/uploads\/2025\/07\/Chive350w-181x300.png 181w\" sizes=\"(max-width: 350px) 100vw, 350px\" class=\"wp-image-500\" \/><\/span><\/a><\/div>\n<\/div>\n<\/div>\n<\/div>","protected":false},"excerpt":{"rendered":"","protected":false},"author":1,"featured_media":0,"parent":854,"menu_order":0,"comment_status":"closed","ping_status":"closed","template":"","meta":{"footnotes":""},"class_list":["post-864","page","type-page","status-publish","hentry"],"dsm_author":{"name":"westerlytrev","avatar_url":"https:\/\/secure.gravatar.com\/avatar\/0590b4be0b02933973e451ed6c8b8226f97ccffac9cedd40a329f25c1c1709a4?s=96&d=mm&r=g","archive_link":"https:\/\/popntop.ca\/fr\/author\/westerlytrev\/","biodata":""},"dsm_categories":[],"dsm_attachment_categories":[],"dsm_featured_image":null,"yoast_head":"<!-- This site is optimized with the Yoast SEO plugin v27.4 - https:\/\/yoast.com\/product\/yoast-seo-wordpress\/ -->\n<title>CR\u00c8ME SURE ET CIBOULETTE - Pop N Top - Canadian Popcorn Seasoning<\/title>\n<meta name=\"robots\" content=\"index, follow, max-snippet:-1, max-image-preview:large, max-video-preview:-1\" \/>\n<link rel=\"canonical\" href=\"https:\/\/popntop.ca\/fr\/nos-saveurs\/creme-sure-et-ciboulette\/\" \/>\n<meta property=\"og:locale\" content=\"fr_FR\" \/>\n<meta property=\"og:type\" content=\"article\" \/>\n<meta property=\"og:title\" content=\"CR\u00c8ME SURE ET CIBOULETTE - Pop N Top - Canadian Popcorn Seasoning\" \/>\n<meta property=\"og:url\" content=\"https:\/\/popntop.ca\/fr\/nos-saveurs\/creme-sure-et-ciboulette\/\" \/>\n<meta property=\"og:site_name\" content=\"Pop N Top - Canadian Popcorn Seasoning\" \/>\n<meta property=\"article:modified_time\" content=\"2025-08-11T03:04:40+00:00\" \/>\n<meta name=\"twitter:card\" content=\"summary_large_image\" \/>\n<script type=\"application\/ld+json\" class=\"yoast-schema-graph\">{\"@context\":\"https:\\\/\\\/schema.org\",\"@graph\":[{\"@type\":\"WebPage\",\"@id\":\"https:\\\/\\\/popntop.ca\\\/fr\\\/nos-saveurs\\\/creme-sure-et-ciboulette\\\/\",\"url\":\"https:\\\/\\\/popntop.ca\\\/fr\\\/nos-saveurs\\\/creme-sure-et-ciboulette\\\/\",\"name\":\"CR\u00c8ME SURE ET CIBOULETTE - Pop N Top - Canadian Popcorn Seasoning\",\"isPartOf\":{\"@id\":\"https:\\\/\\\/popntop.ca\\\/fr\\\/#website\"},\"datePublished\":\"2025-07-31T01:36:47+00:00\",\"dateModified\":\"2025-08-11T03:04:40+00:00\",\"breadcrumb\":{\"@id\":\"https:\\\/\\\/popntop.ca\\\/fr\\\/nos-saveurs\\\/creme-sure-et-ciboulette\\\/#breadcrumb\"},\"inLanguage\":\"fr-FR\",\"potentialAction\":[{\"@type\":\"ReadAction\",\"target\":[\"https:\\\/\\\/popntop.ca\\\/fr\\\/nos-saveurs\\\/creme-sure-et-ciboulette\\\/\"]}]},{\"@type\":\"BreadcrumbList\",\"@id\":\"https:\\\/\\\/popntop.ca\\\/fr\\\/nos-saveurs\\\/creme-sure-et-ciboulette\\\/#breadcrumb\",\"itemListElement\":[{\"@type\":\"ListItem\",\"position\":1,\"name\":\"Home\",\"item\":\"https:\\\/\\\/popntop.ca\\\/fr\\\/\"},{\"@type\":\"ListItem\",\"position\":2,\"name\":\"NOS SAVEURS\",\"item\":\"https:\\\/\\\/popntop.ca\\\/fr\\\/nos-saveurs\\\/\"},{\"@type\":\"ListItem\",\"position\":3,\"name\":\"CR\u00c8ME SURE ET CIBOULETTE\"}]},{\"@type\":\"WebSite\",\"@id\":\"https:\\\/\\\/popntop.ca\\\/fr\\\/#website\",\"url\":\"https:\\\/\\\/popntop.ca\\\/fr\\\/\",\"name\":\"Pop N Top - Canadian Popcorn Seasoning\",\"description\":\"Canadian Made Seasoning to Shake Up Your Flavour Game\",\"potentialAction\":[{\"@type\":\"SearchAction\",\"target\":{\"@type\":\"EntryPoint\",\"urlTemplate\":\"https:\\\/\\\/popntop.ca\\\/fr\\\/?s={search_term_string}\"},\"query-input\":{\"@type\":\"PropertyValueSpecification\",\"valueRequired\":true,\"valueName\":\"search_term_string\"}}],\"inLanguage\":\"fr-FR\"}]}<\/script>\n<!-- \/ Yoast SEO plugin. -->","yoast_head_json":{"title":"CR\u00c8ME SURE ET CIBOULETTE - Pop N Top - Canadian Popcorn Seasoning","robots":{"index":"index","follow":"follow","max-snippet":"max-snippet:-1","max-image-preview":"max-image-preview:large","max-video-preview":"max-video-preview:-1"},"canonical":"https:\/\/popntop.ca\/fr\/nos-saveurs\/creme-sure-et-ciboulette\/","og_locale":"fr_FR","og_type":"article","og_title":"CR\u00c8ME SURE ET CIBOULETTE - Pop N Top - Canadian Popcorn Seasoning","og_url":"https:\/\/popntop.ca\/fr\/nos-saveurs\/creme-sure-et-ciboulette\/","og_site_name":"Pop N Top - Canadian Popcorn Seasoning","article_modified_time":"2025-08-11T03:04:40+00:00","twitter_card":"summary_large_image","schema":{"@context":"https:\/\/schema.org","@graph":[{"@type":"WebPage","@id":"https:\/\/popntop.ca\/fr\/nos-saveurs\/creme-sure-et-ciboulette\/","url":"https:\/\/popntop.ca\/fr\/nos-saveurs\/creme-sure-et-ciboulette\/","name":"CR\u00c8ME SURE ET CIBOULETTE - Pop N Top - Canadian Popcorn Seasoning","isPartOf":{"@id":"https:\/\/popntop.ca\/fr\/#website"},"datePublished":"2025-07-31T01:36:47+00:00","dateModified":"2025-08-11T03:04:40+00:00","breadcrumb":{"@id":"https:\/\/popntop.ca\/fr\/nos-saveurs\/creme-sure-et-ciboulette\/#breadcrumb"},"inLanguage":"fr-FR","potentialAction":[{"@type":"ReadAction","target":["https:\/\/popntop.ca\/fr\/nos-saveurs\/creme-sure-et-ciboulette\/"]}]},{"@type":"BreadcrumbList","@id":"https:\/\/popntop.ca\/fr\/nos-saveurs\/creme-sure-et-ciboulette\/#breadcrumb","itemListElement":[{"@type":"ListItem","position":1,"name":"Home","item":"https:\/\/popntop.ca\/fr\/"},{"@type":"ListItem","position":2,"name":"NOS SAVEURS","item":"https:\/\/popntop.ca\/fr\/nos-saveurs\/"},{"@type":"ListItem","position":3,"name":"CR\u00c8ME SURE ET CIBOULETTE"}]},{"@type":"WebSite","@id":"https:\/\/popntop.ca\/fr\/#website","url":"https:\/\/popntop.ca\/fr\/","name":"Pop N Top - Canadian Popcorn Seasoning","description":"Canadian Made Seasoning to Shake Up Your Flavour Game","potentialAction":[{"@type":"SearchAction","target":{"@type":"EntryPoint","urlTemplate":"https:\/\/popntop.ca\/fr\/?s={search_term_string}"},"query-input":{"@type":"PropertyValueSpecification","valueRequired":true,"valueName":"search_term_string"}}],"inLanguage":"fr-FR"}]}},"_links":{"self":[{"href":"https:\/\/popntop.ca\/fr\/wp-json\/wp\/v2\/pages\/864","targetHints":{"allow":["GET"]}}],"collection":[{"href":"https:\/\/popntop.ca\/fr\/wp-json\/wp\/v2\/pages"}],"about":[{"href":"https:\/\/popntop.ca\/fr\/wp-json\/wp\/v2\/types\/page"}],"author":[{"embeddable":true,"href":"https:\/\/popntop.ca\/fr\/wp-json\/wp\/v2\/users\/1"}],"replies":[{"embeddable":true,"href":"https:\/\/popntop.ca\/fr\/wp-json\/wp\/v2\/comments?post=864"}],"version-history":[{"count":2,"href":"https:\/\/popntop.ca\/fr\/wp-json\/wp\/v2\/pages\/864\/revisions"}],"predecessor-version":[{"id":929,"href":"https:\/\/popntop.ca\/fr\/wp-json\/wp\/v2\/pages\/864\/revisions\/929"}],"up":[{"embeddable":true,"href":"https:\/\/popntop.ca\/fr\/wp-json\/wp\/v2\/pages\/854"}],"wp:attachment":[{"href":"https:\/\/popntop.ca\/fr\/wp-json\/wp\/v2\/media?parent=864"}],"curies":[{"name":"wp","href":"https:\/\/api.w.org\/{rel}","templated":true}]}}