{"id":868,"date":"2025-07-25T18:30:12","date_gmt":"2025-07-25T18:30:12","guid":{"rendered":"https:\/\/popntop.ca\/recettes\/"},"modified":"2025-08-11T02:57:43","modified_gmt":"2025-08-11T02:57:43","slug":"recettes","status":"publish","type":"page","link":"https:\/\/popntop.ca\/fr\/recettes\/","title":{"rendered":"Recettes"},"content":{"rendered":"<div class=\"et_pb_section_0 et_pb_section et_section_regular et_block_section\">\n<div class=\"et_pb_row_0 et_pb_row et_pb_gutters3 et_block_row\">\n<div class=\"et_pb_column_0 et_pb_column et_pb_column_4_4 et-last-child et_block_column et_pb_css_mix_blend_mode_passthrough\">\n<div class=\"et_pb_heading_0 et_pb_heading et_pb_module preset--module--divi-heading--default\"><div class=\"et_pb_heading_container\"><h1 class=\"et_pb_module_header\">Soyez cr\u00e9atif.<\/h1><\/div><\/div>\n\n<div class=\"et_pb_heading_1 et_pb_heading et_pb_module preset--module--divi-heading--ysyr93m2e5\"><div class=\"et_pb_heading_container\"><h2 class=\"et_pb_module_header\">Vous adorerez le r\u00e9sultat.<\/h2><\/div><\/div>\n<\/div>\n<\/div>\n\n<div class=\"et_pb_row_1 et_pb_row et_flex_row\">\n<div class=\"et_pb_column_1 et_pb_column et-last-child et_flex_column_24_24 et_flex_column_24_24_tablet et_flex_column_24_24_phone et_flex_column et_pb_css_mix_blend_mode_passthrough\">\n<div class=\"et_pb_text_0 et_pb_text et_pb_bg_layout_light et_pb_module preset--module--divi-text--6vizrpz438\"><div class=\"et_pb_text_inner\"><p>L\u2019univers extravagant des petites envies va bien au-del\u00e0 du ma\u00efs souffl\u00e9. C\u2019est pourquoi nous mettons Pop \u201cn\u201d Top sur tous nos plats pr\u00e9f\u00e9r\u00e9s. Nous faisons \u00e9galement des m\u00e9langes pour obtenir des saveurs tout simplement incroyables. Qui veut par exemple go\u00fbter le mariage cr\u00e8me sure et ciboulette?  <\/p>\n<p>Voici quelques id\u00e9es. Consultez r\u00e9guli\u00e8rement notre site pour d\u00e9couvrir de nouvelles recettes et obtenir des suggestions.<\/p>\n<\/div><\/div>\n\n<div class=\"dsm_card_carousel_0 dsm_card_carousel dsm_card_carousel_arrow_outside dsm_card_carousel_slider_horizontal dsm_card_carousel_layout_stacked et_pb_module\"><div class=\"et_pb_module_inner\"><div class=\"swiper-container dsm_card_carousel_wrapper et_pb_bg_layout_\" data-params=\"[{&quot;direction&quot;:&quot;horizontal&quot;,&quot;effect&quot;:&quot;default&quot;,&quot;slider_effect_shadows&quot;:false,&quot;slider_effect_coverflow_rotate&quot;:30,&quot;slider_effect_coverflow_depth&quot;:0,&quot;loop&quot;:true,&quot;infinite_smooth_scrolling&quot;:false,&quot;slide_to_show&quot;:3,&quot;slide_to_show_tablet&quot;:&quot;&quot;,&quot;slide_to_show_phone&quot;:&quot;&quot;,&quot;slide_to_scroll&quot;:1,&quot;slide_to_scroll_tablet&quot;:&quot;&quot;,&quot;slide_to_scroll_phone&quot;:&quot;&quot;,&quot;space_between&quot;:15,&quot;space_between_tablet&quot;:&quot;&quot;,&quot;space_between_phone&quot;:&quot;&quot;,&quot;centered_slides&quot;:false,&quot;multiple_slide_row&quot;:&quot;off&quot;,&quot;slide_row&quot;:&quot;1&quot;,&quot;slide_row_tablet&quot;:&quot;&quot;,&quot;slide_row_phone&quot;:&quot;&quot;,&quot;speed&quot;:300,&quot;autoplay&quot;:true,&quot;autoplay_speed&quot;:3000,&quot;autoplay_viewport&quot;:&quot;80%&quot;,&quot;touch_move&quot;:true,&quot;grab&quot;:true,&quot;pause_on_hover&quot;:false,&quot;mousewheel&quot;:false,&quot;auto_height&quot;:false,&quot;equal_height&quot;:false,&quot;equal_height_tablet&quot;:true,&quot;equal_height_phone&quot;:true}]\" dir=\"ltr\">\n\t\t\t\t<div class=\"swiper-wrapper\">\n\t\t\t\t\t\n<div class=\"dsm_card_carousel_child_0 dsm_card_carousel_child swiper-slide\"><div class=\"et_pb_module_inner\"><figure\n\t\t\tclass=\"dsm_card_carousel_child_image_wrapper  dsm_card_carousel_child_badge_top_right\">\n\t\t\t<div class=\"dsm_card_carousel_child_image_background dsm_card_carousel_child_img\"><\/div>\n\t\t\t<span className=\"et_overlay et_pb_inline_icon\"><\/span>\t\n\t\t\t\n\t\t<\/figure>\t\n\t\t <div class=\"dsm_card_wrapper\">\n\t\t    \n\t\t\t\n\t\t\t<div class=\"dsm_card_carousel_child_description\"><p>Poulet pop-corn \u00e0 l\u2019aneth<\/p><\/div>\n\t\t\t\n\t\t <\/div><\/div><\/div>\n\n<div class=\"dsm_card_carousel_child_1 dsm_card_carousel_child swiper-slide\"><div class=\"et_pb_module_inner\"><figure\n\t\t\tclass=\"dsm_card_carousel_child_image_wrapper  dsm_card_carousel_child_badge_top_right\">\n\t\t\t<div class=\"dsm_card_carousel_child_image_background dsm_card_carousel_child_img\"><\/div>\n\t\t\t<span className=\"et_overlay et_pb_inline_icon\"><\/span>\t\n\t\t\t\n\t\t<\/figure>\t\n\t\t <div class=\"dsm_card_wrapper\">\n\t\t    \n\t\t\t\n\t\t\t<div class=\"dsm_card_carousel_child_description\"><p>Ailes de poulet saupoudr\u00e9es de cheddar blanc<\/p><\/div>\n\t\t\t\n\t\t <\/div><\/div><\/div>\n\n<div class=\"dsm_card_carousel_child_2 dsm_card_carousel_child swiper-slide\"><div class=\"et_pb_module_inner\"><figure\n\t\t\tclass=\"dsm_card_carousel_child_image_wrapper  dsm_card_carousel_child_badge_top_right\">\n\t\t\t<div class=\"dsm_card_carousel_child_image_background dsm_card_carousel_child_img\"><\/div>\n\t\t\t<span className=\"et_overlay et_pb_inline_icon\"><\/span>\t\n\t\t\t\n\t\t<\/figure>\t\n\t\t <div class=\"dsm_card_wrapper\">\n\t\t    \n\t\t\t\n\t\t\t<div class=\"dsm_card_carousel_child_description\"><p>N\u2019importe lequel de nos assaisonnements sur des frites<\/p><\/div>\n\t\t\t\n\t\t <\/div><\/div><\/div>\n\n<div class=\"dsm_card_carousel_child_3 dsm_card_carousel_child swiper-slide\"><div class=\"et_pb_module_inner\"><figure\n\t\t\tclass=\"dsm_card_carousel_child_image_wrapper  dsm_card_carousel_child_badge_top_right\">\n\t\t\t<div class=\"dsm_card_carousel_child_image_background dsm_card_carousel_child_img\"><\/div>\n\t\t\t<span className=\"et_overlay et_pb_inline_icon\"><\/span>\t\n\t\t\t\n\t\t<\/figure>\t\n\t\t <div class=\"dsm_card_wrapper\">\n\t\t    \n\t\t\t\n\t\t\t<div class=\"dsm_card_carousel_child_description\"><p>Trempette mayo \/ cr\u00e8me sure BBQ<\/p><\/div>\n\t\t\t\n\t\t <\/div><\/div><\/div>\n\n<div class=\"dsm_card_carousel_child_4 dsm_card_carousel_child swiper-slide\"><div class=\"et_pb_module_inner\"><figure\n\t\t\tclass=\"dsm_card_carousel_child_image_wrapper  dsm_card_carousel_child_badge_top_right\">\n\t\t\t<div class=\"dsm_card_carousel_child_image_background dsm_card_carousel_child_img\"><\/div>\n\t\t\t<span className=\"et_overlay et_pb_inline_icon\"><\/span>\t\n\t\t\t\n\t\t<\/figure>\t\n\t\t <div class=\"dsm_card_wrapper\">\n\t\t    \n\t\t\t\n\t\t\t<div class=\"dsm_card_carousel_child_description\"><p>Pomme de terre au four \u00e0 la cr\u00e8me sure et \u00e0 la ciboulette<\/p><\/div>\n\t\t\t\n\t\t <\/div><\/div><\/div>\n\n<div class=\"dsm_card_carousel_child_5 dsm_card_carousel_child swiper-slide\"><div class=\"et_pb_module_inner\"><figure\n\t\t\tclass=\"dsm_card_carousel_child_image_wrapper  dsm_card_carousel_child_badge_top_right\">\n\t\t\t<div class=\"dsm_card_carousel_child_image_background dsm_card_carousel_child_img\"><\/div>\n\t\t\t<span className=\"et_overlay et_pb_inline_icon\"><\/span>\t\n\t\t\t\n\t\t<\/figure>\t\n\t\t <div class=\"dsm_card_wrapper\">\n\t\t    \n\t\t\t\n\t\t\t<div class=\"dsm_card_carousel_child_description\"><p>\u00c0 saupoudrer sur des arachides grill\u00e9es ou des m\u00e9langes de noix<\/p><\/div>\n\t\t\t\n\t\t <\/div><\/div><\/div>\n\n<div class=\"dsm_card_carousel_child_6 dsm_card_carousel_child swiper-slide\"><div class=\"et_pb_module_inner\"><figure\n\t\t\tclass=\"dsm_card_carousel_child_image_wrapper  dsm_card_carousel_child_badge_top_right\">\n\t\t\t<div class=\"dsm_card_carousel_child_image_background dsm_card_carousel_child_img\"><\/div>\n\t\t\t<span className=\"et_overlay et_pb_inline_icon\"><\/span>\t\n\t\t\t\n\t\t<\/figure>\t\n\t\t <div class=\"dsm_card_wrapper\">\n\t\t    \n\t\t\t\n\t\t\t<div class=\"dsm_card_carousel_child_description\"><p>Vieux classique : ma\u00efs souffl\u00e9 saupoudr\u00e9<\/p><\/div>\n\t\t\t\n\t\t <\/div><\/div><\/div>\n\n\t\t\t\t<\/div>\n\t\t    <\/div>\n\t\t\t<div class=\"swiper-button-prev dsm_card_carousel_arrow\"><\/div>\n\t\t\t <div class=\"swiper-button-next dsm_card_carousel_arrow\"><\/div>\n\t\t\t<div class=\"swiper-pagination dsm_card_carousel_pagination\"><\/div><\/div><\/div>\n<\/div>\n<\/div>\n<\/div>","protected":false},"excerpt":{"rendered":"","protected":false},"author":1,"featured_media":0,"parent":0,"menu_order":0,"comment_status":"closed","ping_status":"closed","template":"","meta":{"footnotes":""},"class_list":["post-868","page","type-page","status-publish","hentry"],"dsm_author":{"name":"westerlytrev","avatar_url":"https:\/\/secure.gravatar.com\/avatar\/0590b4be0b02933973e451ed6c8b8226f97ccffac9cedd40a329f25c1c1709a4?s=96&d=mm&r=g","archive_link":"https:\/\/popntop.ca\/fr\/author\/westerlytrev\/","biodata":""},"dsm_categories":[],"dsm_attachment_categories":[],"dsm_featured_image":null,"yoast_head":"<!-- This site is optimized with the Yoast SEO plugin v27.4 - https:\/\/yoast.com\/product\/yoast-seo-wordpress\/ -->\n<title>Recettes - Pop N Top - Canadian Popcorn Seasoning<\/title>\n<meta name=\"robots\" content=\"index, follow, max-snippet:-1, max-image-preview:large, max-video-preview:-1\" \/>\n<link rel=\"canonical\" href=\"https:\/\/popntop.ca\/fr\/recettes\/\" \/>\n<meta property=\"og:locale\" content=\"fr_FR\" \/>\n<meta property=\"og:type\" content=\"article\" \/>\n<meta property=\"og:title\" content=\"Recettes - Pop N Top - Canadian Popcorn Seasoning\" \/>\n<meta property=\"og:url\" content=\"https:\/\/popntop.ca\/fr\/recettes\/\" \/>\n<meta property=\"og:site_name\" content=\"Pop N Top - Canadian Popcorn Seasoning\" \/>\n<meta property=\"article:modified_time\" content=\"2025-08-11T02:57:43+00:00\" \/>\n<meta name=\"twitter:card\" content=\"summary_large_image\" \/>\n<script type=\"application\/ld+json\" class=\"yoast-schema-graph\">{\"@context\":\"https:\\\/\\\/schema.org\",\"@graph\":[{\"@type\":\"WebPage\",\"@id\":\"https:\\\/\\\/popntop.ca\\\/fr\\\/recettes\\\/\",\"url\":\"https:\\\/\\\/popntop.ca\\\/fr\\\/recettes\\\/\",\"name\":\"Recettes - Pop N Top - Canadian Popcorn Seasoning\",\"isPartOf\":{\"@id\":\"https:\\\/\\\/popntop.ca\\\/fr\\\/#website\"},\"datePublished\":\"2025-07-25T18:30:12+00:00\",\"dateModified\":\"2025-08-11T02:57:43+00:00\",\"breadcrumb\":{\"@id\":\"https:\\\/\\\/popntop.ca\\\/fr\\\/recettes\\\/#breadcrumb\"},\"inLanguage\":\"fr-FR\",\"potentialAction\":[{\"@type\":\"ReadAction\",\"target\":[\"https:\\\/\\\/popntop.ca\\\/fr\\\/recettes\\\/\"]}]},{\"@type\":\"BreadcrumbList\",\"@id\":\"https:\\\/\\\/popntop.ca\\\/fr\\\/recettes\\\/#breadcrumb\",\"itemListElement\":[{\"@type\":\"ListItem\",\"position\":1,\"name\":\"Home\",\"item\":\"https:\\\/\\\/popntop.ca\\\/fr\\\/\"},{\"@type\":\"ListItem\",\"position\":2,\"name\":\"Recettes\"}]},{\"@type\":\"WebSite\",\"@id\":\"https:\\\/\\\/popntop.ca\\\/fr\\\/#website\",\"url\":\"https:\\\/\\\/popntop.ca\\\/fr\\\/\",\"name\":\"Pop N Top - Canadian Popcorn Seasoning\",\"description\":\"Canadian Made Seasoning to Shake Up Your Flavour Game\",\"potentialAction\":[{\"@type\":\"SearchAction\",\"target\":{\"@type\":\"EntryPoint\",\"urlTemplate\":\"https:\\\/\\\/popntop.ca\\\/fr\\\/?s={search_term_string}\"},\"query-input\":{\"@type\":\"PropertyValueSpecification\",\"valueRequired\":true,\"valueName\":\"search_term_string\"}}],\"inLanguage\":\"fr-FR\"}]}<\/script>\n<!-- \/ Yoast SEO plugin. -->","yoast_head_json":{"title":"Recettes - Pop N Top - Canadian Popcorn Seasoning","robots":{"index":"index","follow":"follow","max-snippet":"max-snippet:-1","max-image-preview":"max-image-preview:large","max-video-preview":"max-video-preview:-1"},"canonical":"https:\/\/popntop.ca\/fr\/recettes\/","og_locale":"fr_FR","og_type":"article","og_title":"Recettes - Pop N Top - Canadian Popcorn Seasoning","og_url":"https:\/\/popntop.ca\/fr\/recettes\/","og_site_name":"Pop N Top - Canadian Popcorn Seasoning","article_modified_time":"2025-08-11T02:57:43+00:00","twitter_card":"summary_large_image","schema":{"@context":"https:\/\/schema.org","@graph":[{"@type":"WebPage","@id":"https:\/\/popntop.ca\/fr\/recettes\/","url":"https:\/\/popntop.ca\/fr\/recettes\/","name":"Recettes - Pop N Top - Canadian Popcorn Seasoning","isPartOf":{"@id":"https:\/\/popntop.ca\/fr\/#website"},"datePublished":"2025-07-25T18:30:12+00:00","dateModified":"2025-08-11T02:57:43+00:00","breadcrumb":{"@id":"https:\/\/popntop.ca\/fr\/recettes\/#breadcrumb"},"inLanguage":"fr-FR","potentialAction":[{"@type":"ReadAction","target":["https:\/\/popntop.ca\/fr\/recettes\/"]}]},{"@type":"BreadcrumbList","@id":"https:\/\/popntop.ca\/fr\/recettes\/#breadcrumb","itemListElement":[{"@type":"ListItem","position":1,"name":"Home","item":"https:\/\/popntop.ca\/fr\/"},{"@type":"ListItem","position":2,"name":"Recettes"}]},{"@type":"WebSite","@id":"https:\/\/popntop.ca\/fr\/#website","url":"https:\/\/popntop.ca\/fr\/","name":"Pop N Top - Canadian Popcorn Seasoning","description":"Canadian Made Seasoning to Shake Up Your Flavour Game","potentialAction":[{"@type":"SearchAction","target":{"@type":"EntryPoint","urlTemplate":"https:\/\/popntop.ca\/fr\/?s={search_term_string}"},"query-input":{"@type":"PropertyValueSpecification","valueRequired":true,"valueName":"search_term_string"}}],"inLanguage":"fr-FR"}]}},"_links":{"self":[{"href":"https:\/\/popntop.ca\/fr\/wp-json\/wp\/v2\/pages\/868","targetHints":{"allow":["GET"]}}],"collection":[{"href":"https:\/\/popntop.ca\/fr\/wp-json\/wp\/v2\/pages"}],"about":[{"href":"https:\/\/popntop.ca\/fr\/wp-json\/wp\/v2\/types\/page"}],"author":[{"embeddable":true,"href":"https:\/\/popntop.ca\/fr\/wp-json\/wp\/v2\/users\/1"}],"replies":[{"embeddable":true,"href":"https:\/\/popntop.ca\/fr\/wp-json\/wp\/v2\/comments?post=868"}],"version-history":[{"count":4,"href":"https:\/\/popntop.ca\/fr\/wp-json\/wp\/v2\/pages\/868\/revisions"}],"predecessor-version":[{"id":926,"href":"https:\/\/popntop.ca\/fr\/wp-json\/wp\/v2\/pages\/868\/revisions\/926"}],"wp:attachment":[{"href":"https:\/\/popntop.ca\/fr\/wp-json\/wp\/v2\/media?parent=868"}],"curies":[{"name":"wp","href":"https:\/\/api.w.org\/{rel}","templated":true}]}}